{"id":3235,"date":"2022-01-13T17:52:55","date_gmt":"2022-01-13T17:52:55","guid":{"rendered":"https:\/\/www.greystonealloys.com\/nuestro-proceso\/"},"modified":"2025-04-21T20:59:15","modified_gmt":"2025-04-21T20:59:15","slug":"nuestro-proceso","status":"publish","type":"page","link":"https:\/\/www.greystonealloys.com\/es\/nuestro-proceso\/","title":{"rendered":"Nuestro proceso"},"content":{"rendered":"\n\n<div class=\"gb-container gb-container-0458497d alignfull\">\n<div class=\"gb-container gb-container-e75c5391 alignwide\">\n<div class=\"gb-grid-wrapper gb-grid-wrapper-cd2fb5e1\">\n<div class=\"gb-grid-column gb-grid-column-1b2d0755\"><div class=\"gb-container gb-container-1b2d0755\">\n<div class=\"wp-block-image sure-step-badge alignwide\">\n<figure class=\"aligncenter size-full\"><img data-recalc-dims=\"1\" loading=\"lazy\" decoding=\"async\" width=\"157\" height=\"143\" src=\"https:\/\/i0.wp.com\/www.greystonealloys.com\/wp-content\/uploads\/2022\/01\/sure-step.png?resize=157%2C143&#038;quality=80&#038;ssl=1\" alt=\"Insignia del proceso Sure Step de Greystone\" class=\"wp-image-1662\" title=\"Insignia del proceso Sure Step de Greystone\"\/><\/figure>\n<\/div>\n<\/div><\/div>\n\n<div class=\"gb-grid-column gb-grid-column-6bbf0a04\"><div class=\"gb-container gb-container-6bbf0a04\">\n\n<h2 class=\"wp-block-heading green-u\">Proceso Sure Step<\/h2>\n\n\n\n<p>En Greystone Alloys, nuestro objetivo es ganarnos la confianza de nuestros proveedores mediante un trato justo y haciendo que cada transacci\u00f3n sea lo m\u00e1s fluida posible. Nuestro proceso Sure Step\u2122, descrito a continuaci\u00f3n, genera transparencia en cada transacci\u00f3n. Esto garantiza que t\u00fa, nuestro proveedor, entiendas lo que est\u00e1s recibiendo y lo que puedes esperar de nosotros. <\/p>\n\n<\/div><\/div>\n<\/div>\n<\/div>\n<\/div>\n\n<div class=\"gb-container gb-container-9610c344 alignfull\">\n<div class=\"gb-container gb-container-ee9ad6a1 alignwide\">\n<div class=\"gb-grid-wrapper gb-grid-wrapper-18e06a83 process-content\">\n<div class=\"gb-grid-column gb-grid-column-4f85d0eb\"><div class=\"gb-container gb-container-4f85d0eb rec-process\">\n\n<h2 class=\"wp-block-heading has-theme-primary-background-color has-text-color has-background has-link-color wp-elements-e5b482fa98cea0d739f73d2808d6e9f1\" style=\"color:#ffffff;font-size:2.2rem;text-transform:uppercase\">Proceso de recepci\u00f3n<\/h2>\n\n\n<div class=\"gb-container gb-container-bdd4135a\">\n\n<h3 class=\"wp-block-heading\">Recibido<\/h3>\n\n\n\n<p>Los art\u00edculos se reciben del transportista.<\/p>\n\n\n\n<h3 class=\"wp-block-heading\">Registrado<\/h3>\n\n\n\n<p>En nuestro sistema de datos se registra un registro con la siguiente informaci\u00f3n: vendedor, fecha de recepci\u00f3n, art\u00edculo recibido y peso de entrada del art\u00edculo recibido.<\/p>\n\n\n\n<h3 class=\"wp-block-heading\">Separados<\/h3>\n\n\n\n<p>Luego, el material se separa (si hay m\u00e1s de un tipo de material) y se prueba la aleaci\u00f3n y la calidad utilizando varias t\u00e9cnicas y procedimientos.<\/p>\n\n\n\n<h3 class=\"wp-block-heading\">Pesado<\/h3>\n\n\n\n<p>A continuaci\u00f3n, se pesa cada material por separado y se registra en nuestro sistema de datos.<\/p>\n\n\n\n<h3 class=\"wp-block-heading\">Liquidaci\u00f3n<\/h3>\n\n\n\n<p>La liquidaci\u00f3n se emite al vendedor bas\u00e1ndose en el peso final, el recuento de material y el precio cotizado por el material o materiales.<\/p>\n\n\n\n<h3 class=\"wp-block-heading\">Pago<\/h3>\n\n\n\n<p>El pago se realiza una vez que se acepta una liquidaci\u00f3n final.<\/p>\n\n<\/div>\n<\/div><\/div>\n\n<div class=\"gb-grid-column gb-grid-column-1ad25f67\"><div class=\"gb-container gb-container-1ad25f67 ship-process\">\n\n<h2 class=\"wp-block-heading has-theme-secondary-background-color has-text-color has-background has-link-color wp-elements-12e58a142f33583f9094832de9b424cd\" style=\"color:#ffffff;font-size:2.2rem;text-transform:uppercase\">Proceso de env\u00edo<\/h2>\n\n\n<div class=\"gb-container gb-container-f51ad630\">\n\n<h3 class=\"wp-block-heading\">Contacto para precios<\/h3>\n\n\n\n<p>Cont\u00e1ctanos antes de enviar cualquier material para que podamos proporcionar una cotizaci\u00f3n precisa y un n\u00famero de orden de compra (PO). No se aceptar\u00e1n paquetes sin el n\u00famero de orden de compra requerido.<\/p>\n\n\n\n<h3 class=\"wp-block-heading\">Incluye el albar\u00e1n de env\u00edo<\/h3>\n\n\n\n<p>Se requiere un albar\u00e1n dentro del paquete y debe contener la siguiente informaci\u00f3n:<\/p>\n\n\n\n<ul class=\"wp-block-list\">\n<li>N\u00famero de orden de compra requerido<\/li>\n\n\n\n<li>Informaci\u00f3n de contacto completa del vendedor<\/li>\n\n\n\n<li>Tipo(s) de material<\/li>\n\n\n\n<li>Peso de entrada de material(es)<\/li>\n<\/ul>\n\n\n\n<h3 class=\"wp-block-heading\">Env\u00eda tu paquete<\/h3>\n\n\n\n<p>El contenido del paquete debe estar bien compactado para evitar que se desplace durante el proceso de env\u00edo.<\/p>\n\n\n\n<p>Env\u00eda el paquete a:<br>Greystone Alloys<br>10545 Fisher Rd<br>Houston, TX 77041<\/p>\n\n<\/div>\n<\/div><\/div>\n<\/div>\n<\/div>\n<\/div>\n\n<div class=\"gb-container gb-container-0d9f4343 alignfull\">\n<div class=\"gb-container gb-container-4cd8773c alignwide\">\n<div class=\"gb-grid-wrapper gb-grid-wrapper-aa9e2084\">\n<div class=\"gb-grid-column gb-grid-column-c6ca1bb5\"><div class=\"gb-container gb-container-c6ca1bb5\">\n\n<h4 class=\"wp-block-heading green-u has-theme-secondary-color has-text-color has-link-color wp-elements-9c1a84fa8bc5e1b9573d4a012123cae1\" style=\"font-size:2.4rem\">Cont\u00e1ctanos hoy mismo sobre tus necesidades de reciclaje.<\/h4>\n\n\n\n<p>Averigua si tu metal, aleaci\u00f3n o pl\u00e1stico cumple los requisitos con nuestro equipo de expertos.<\/p>\n\n<\/div><\/div>\n\n<div class=\"gb-grid-column gb-grid-column-0f22cf84\"><div class=\"gb-container gb-container-0f22cf84\">\n\n<div class=\"wp-block-buttons is-content-justification-center is-layout-flex wp-container-core-buttons-is-layout-16018d1d wp-block-buttons-is-layout-flex\">\n<div class=\"wp-block-button\"><a class=\"wp-block-button__link has-text-color has-link-color wp-element-button\" href=\"https:\/\/www.greystonealloys.com\/es\/ponte-en-contacto-con\/\" style=\"color:#ffffff\">Cont\u00e1ctanos<\/a><\/div>\n<\/div>\n\n<\/div><\/div>\n<\/div>\n<\/div>\n<\/div>\n\n<div class=\"gb-container gb-container-750c1d9f footer-hero alignfull\">\n<div class=\"gb-container gb-container-5d7a7e27 alignwide\">\n<div class=\"gb-grid-wrapper gb-grid-wrapper-67bb11be\">\n<div class=\"gb-grid-column gb-grid-column-ee968875\"><div class=\"gb-container gb-container-ee968875\">\n\n<h2 class=\"wp-block-heading has-theme-secondary-color has-text-color has-link-color wp-elements-b00aa5c43f97ac21d21702c13c228cd2\">Los clientes conf\u00edan en nuestro Proceso Sure Step<\/h2>\n\n\n\n<p>De principio a fin, Greystone Alloys se enorgullece de ofrecer un servicio al cliente de m\u00e1xima calidad, transparencia y atenci\u00f3n al detalle. Ponte en contacto con nosotros hoy mismo para ver qu\u00e9 podemos hacer por todas tus soluciones de reciclaje de chatarra de alta temperatura. <\/p>\n\n<\/div><\/div>\n\n<div class=\"gb-grid-column gb-grid-column-c8372282\"><div class=\"gb-container gb-container-c8372282\">\n\n<figure class=\"gb-block-image gb-block-image-da32575f\"><img data-recalc-dims=\"1\" loading=\"lazy\" decoding=\"async\" width=\"584\" height=\"504\" class=\"gb-image gb-image-da32575f\" src=\"https:\/\/i0.wp.com\/www.greystonealloys.com\/wp-content\/uploads\/2023\/12\/industrial-recyclable-materials.png?resize=584%2C504&#038;quality=80&#038;ssl=1\" alt=\"\" title=\"materiales industriales reciclables\" srcset=\"https:\/\/i0.wp.com\/www.greystonealloys.com\/wp-content\/uploads\/2023\/12\/industrial-recyclable-materials.png?w=584&amp;quality=80&amp;ssl=1 584w, https:\/\/i0.wp.com\/www.greystonealloys.com\/wp-content\/uploads\/2023\/12\/industrial-recyclable-materials.png?resize=300%2C259&amp;quality=80&amp;ssl=1 300w\" sizes=\"auto, (max-width: 584px) 100vw, 584px\" \/><\/figure>\n\n<\/div><\/div>\n<\/div>\n<\/div>\n<\/div>","protected":false},"excerpt":{"rendered":"","protected":false},"author":4,"featured_media":2581,"parent":0,"menu_order":2,"comment_status":"closed","ping_status":"closed","template":"","meta":{"_genesis_hide_title":true,"_genesis_hide_breadcrumbs":false,"_genesis_hide_singular_image":true,"_genesis_hide_footer_widgets":false,"_genesis_custom_body_class":"about","_genesis_custom_post_class":"","_genesis_layout":"full-width-content","footnotes":""},"class_list":{"0":"post-3235","1":"page","2":"type-page","3":"status-publish","4":"has-post-thumbnail","6":"entry"},"aioseo_notices":[],"featured_image_src":"https:\/\/i0.wp.com\/www.greystonealloys.com\/wp-content\/uploads\/2023\/12\/6-2-4-2-FS2.jpg?resize=600%2C400&quality=89&ssl=1","featured_image_src_square":"https:\/\/i0.wp.com\/www.greystonealloys.com\/wp-content\/uploads\/2023\/12\/6-2-4-2-FS2.jpg?resize=600%2C600&quality=89&ssl=1","jetpack_sharing_enabled":true,"_links":{"self":[{"href":"https:\/\/www.greystonealloys.com\/es\/wp-json\/wp\/v2\/pages\/3235","targetHints":{"allow":["GET"]}}],"collection":[{"href":"https:\/\/www.greystonealloys.com\/es\/wp-json\/wp\/v2\/pages"}],"about":[{"href":"https:\/\/www.greystonealloys.com\/es\/wp-json\/wp\/v2\/types\/page"}],"author":[{"embeddable":true,"href":"https:\/\/www.greystonealloys.com\/es\/wp-json\/wp\/v2\/users\/4"}],"replies":[{"embeddable":true,"href":"https:\/\/www.greystonealloys.com\/es\/wp-json\/wp\/v2\/comments?post=3235"}],"version-history":[{"count":1,"href":"https:\/\/www.greystonealloys.com\/es\/wp-json\/wp\/v2\/pages\/3235\/revisions"}],"predecessor-version":[{"id":3452,"href":"https:\/\/www.greystonealloys.com\/es\/wp-json\/wp\/v2\/pages\/3235\/revisions\/3452"}],"wp:featuredmedia":[{"embeddable":true,"href":"https:\/\/www.greystonealloys.com\/es\/wp-json\/wp\/v2\/media\/2581"}],"wp:attachment":[{"href":"https:\/\/www.greystonealloys.com\/es\/wp-json\/wp\/v2\/media?parent=3235"}],"curies":[{"name":"wp","href":"https:\/\/api.w.org\/{rel}","templated":true}]}}